{"id":6702,"date":"2016-12-05T09:17:34","date_gmt":"2016-12-05T09:17:34","guid":{"rendered":"https:\/\/luisa-metzen.com\/about-2-2\/"},"modified":"2022-02-13T21:10:58","modified_gmt":"2022-02-13T21:10:58","slug":"uber-mich","status":"publish","type":"page","link":"https:\/\/luisa-metzen.com\/en\/uber-mich\/","title":{"rendered":"About"},"content":{"rendered":"<div data-elementor-type=\"wp-page\" data-elementor-id=\"6702\" class=\"elementor elementor-6702\">\n\t\t\t\t\t\t<section class=\"elementor-section elementor-top-section elementor-element elementor-element-1f59b740 elementor-section-boxed elementor-section-height-default elementor-section-height-default\" data-id=\"1f59b740\" data-element_type=\"section\" data-e-type=\"section\">\n\t\t\t\t\t\t<div class=\"elementor-container elementor-column-gap-no\">\n\t\t\t\t\t<div class=\"elementor-column elementor-col-100 elementor-top-column elementor-element elementor-element-6c357864\" data-id=\"6c357864\" data-element_type=\"column\" data-e-type=\"column\">\n\t\t\t<div class=\"elementor-widget-wrap elementor-element-populated\">\n\t\t\t\t\t\t<div class=\"elementor-element elementor-element-71ed7422 elementor-widget elementor-widget-heading\" data-id=\"71ed7422\" data-element_type=\"widget\" data-e-type=\"widget\" data-widget_type=\"heading.default\">\n\t\t\t\t<div class=\"elementor-widget-container\">\n\t\t\t\t\t<h2 class=\"elementor-heading-title elementor-size-default\">About<\/h2>\t\t\t\t<\/div>\n\t\t\t\t<\/div>\n\t\t\t\t<section class=\"elementor-section elementor-inner-section elementor-element elementor-element-6695d4e6 elementor-section-full_width elementor-section-height-default elementor-section-height-default\" data-id=\"6695d4e6\" data-element_type=\"section\" data-e-type=\"section\">\n\t\t\t\t\t\t<div class=\"elementor-container elementor-column-gap-no\">\n\t\t\t\t\t<div class=\"elementor-column elementor-col-100 elementor-inner-column elementor-element elementor-element-35cce8a8\" data-id=\"35cce8a8\" data-element_type=\"column\" data-e-type=\"column\">\n\t\t\t<div class=\"elementor-widget-wrap elementor-element-populated\">\n\t\t\t\t\t\t<div class=\"elementor-element elementor-element-4dfc79c elementor-widget elementor-widget-image\" data-id=\"4dfc79c\" data-element_type=\"widget\" data-e-type=\"widget\" data-widget_type=\"image.default\">\n\t\t\t\t<div class=\"elementor-widget-container\">\n\t\t\t\t\t\t\t\t\t\t\t\t\t\t\t<img decoding=\"async\" src=\"https:\/\/i0.wp.com\/luisa-metzen.com\/wp-content\/uploads\/2022\/02\/ueber-mich-1.png?fit=700%2C1000&#038;ssl=1\" title=\"ueber mich\" alt=\"ueber mich\" loading=\"lazy\" \/>\t\t\t\t\t\t\t\t\t\t\t\t\t\t\t<\/div>\n\t\t\t\t<\/div>\n\t\t\t\t<div class=\"elementor-element elementor-element-c3e5c2a elementor-widget elementor-widget-text-editor\" data-id=\"c3e5c2a\" data-element_type=\"widget\" data-e-type=\"widget\" data-widget_type=\"text-editor.default\">\n\t\t\t\t<div class=\"elementor-widget-container\">\n\t\t\t\t\t\t\t\t\t<p>Foto: Martin Rupik<\/p>\t\t\t\t\t\t\t\t<\/div>\n\t\t\t\t<\/div>\n\t\t\t\t\t<\/div>\n\t\t<\/div>\n\t\t\t\t\t<\/div>\n\t\t<\/section>\n\t\t\t\t\t<\/div>\n\t\t<\/div>\n\t\t\t\t\t<\/div>\n\t\t<\/section>\n\t\t\t\t<section class=\"elementor-section elementor-top-section elementor-element elementor-element-3860608 elementor-section-boxed elementor-section-height-default elementor-section-height-default\" data-id=\"3860608\" data-element_type=\"section\" data-e-type=\"section\">\n\t\t\t\t\t\t<div class=\"elementor-container elementor-column-gap-default\">\n\t\t\t\t\t<div class=\"elementor-column elementor-col-100 elementor-top-column elementor-element elementor-element-bef6f45\" data-id=\"bef6f45\" data-element_type=\"column\" data-e-type=\"column\">\n\t\t\t<div class=\"elementor-widget-wrap elementor-element-populated\">\n\t\t\t\t\t\t<div class=\"elementor-element elementor-element-63d23361 elementor-widget elementor-widget-text-editor\" data-id=\"63d23361\" data-element_type=\"widget\" data-e-type=\"widget\" data-widget_type=\"text-editor.default\">\n\t\t\t\t<div class=\"elementor-widget-container\">\n\t\t\t\t\t\t\t\t\t<h3>Hi!<\/h3><p>I am a freelance illustrator from Germany. I have always loved to draw and paint so I decided early to become a professional artist. Visual storytelling is just fascinating to me.<\/p><h3>Vita<\/h3><p>2022 Bachelor's Degree Design \/ Illustration at M\u00fcnster School of Design<\/p><p>2017 Bachelor Communication and Media Management an der BiTS Iserlohn<\/p><p>2014 Graduation at Geschwister Scholl Gymnasium L\u00fcdenscheid<\/p>\t\t\t\t\t\t\t\t<\/div>\n\t\t\t\t<\/div>\n\t\t\t\t\t<\/div>\n\t\t<\/div>\n\t\t\t\t\t<\/div>\n\t\t<\/section>\n\t\t\t\t<\/div>","protected":false},"excerpt":{"rendered":"<p>\u00dcber mich Foto: Martin Rupik Hallo! Ich bin eine freiberufliche Illustratorin aus M\u00fcnster. Da ich schon immer gerne gemalt und gezeichnet habe, stand f\u00fcr mich schon fr\u00fch fest, dass ich meine Leidenschaft zum Beruf machen m\u00f6chte. Ich finde es faszinierend, wie man mit Bildern Geschichten erz\u00e4hlen kann. Vita 2022 Bachelor Design (Schwerpunkt: Illustration) an der FH M\u00fcnster 2017 Bachelor Communication and Media Management an der BiTS Iserlohn 2014 Abitur am Geschwister Scholl Gymnasium L\u00fcdenscheid<\/p>","protected":false},"author":1,"featured_media":0,"parent":0,"menu_order":0,"comment_status":"closed","ping_status":"closed","template":"page-templates\/full-width-no-title.php","meta":{"footnotes":""},"class_list":["post-6702","page","type-page","status-publish","hentry"],"yoast_head":"<!-- This site is optimized with the Yoast SEO plugin v27.5 - https:\/\/yoast.com\/product\/yoast-seo-wordpress\/ -->\n<title>\u00dcber mich - Luisa Metzen Illustration<\/title>\n<meta name=\"description\" content=\"Ich bin freiberufliche Illustratorin aus M\u00fcnster. Mein Schwerpunkt liegt beim Kinderbuch, ich illustriere aber auch gerne f\u00fcr Erwachsene.\" \/>\n<meta name=\"robots\" content=\"index, follow, max-snippet:-1, max-image-preview:large, max-video-preview:-1\" \/>\n<link rel=\"canonical\" href=\"https:\/\/luisa-metzen.com\/en\/uber-mich\/\" \/>\n<meta property=\"og:locale\" content=\"en_US\" \/>\n<meta property=\"og:type\" content=\"article\" \/>\n<meta property=\"og:title\" content=\"\u00dcber mich - Luisa Metzen Illustration\" \/>\n<meta property=\"og:description\" content=\"Ich bin freiberufliche Illustratorin aus M\u00fcnster. Mein Schwerpunkt liegt beim Kinderbuch, ich illustriere aber auch gerne f\u00fcr Erwachsene.\" \/>\n<meta property=\"og:url\" content=\"https:\/\/luisa-metzen.com\/en\/uber-mich\/\" \/>\n<meta property=\"og:site_name\" content=\"Luisa Metzen Illustration\" \/>\n<meta property=\"article:modified_time\" content=\"2022-02-13T21:10:58+00:00\" \/>\n<meta property=\"og:image\" content=\"https:\/\/luisa-metzen.com\/wp-content\/uploads\/elementor\/thumbs\/ueber-mich-1-pk0hvqi69tru1ax1849eb2mwn554h4ezrx37kjhcsw.png\" \/>\n<meta name=\"twitter:card\" content=\"summary_large_image\" \/>\n<meta name=\"twitter:label1\" content=\"Est. reading time\" \/>\n\t<meta name=\"twitter:data1\" content=\"1 minute\" \/>\n<script type=\"application\/ld+json\" class=\"yoast-schema-graph\">{\"@context\":\"https:\\\/\\\/schema.org\",\"@graph\":[{\"@type\":\"WebPage\",\"@id\":\"https:\\\/\\\/luisa-metzen.com\\\/uber-mich\\\/\",\"url\":\"https:\\\/\\\/luisa-metzen.com\\\/uber-mich\\\/\",\"name\":\"\u00dcber mich - Luisa Metzen Illustration\",\"isPartOf\":{\"@id\":\"https:\\\/\\\/luisa-metzen.com\\\/#website\"},\"primaryImageOfPage\":{\"@id\":\"https:\\\/\\\/luisa-metzen.com\\\/uber-mich\\\/#primaryimage\"},\"image\":{\"@id\":\"https:\\\/\\\/luisa-metzen.com\\\/uber-mich\\\/#primaryimage\"},\"thumbnailUrl\":\"https:\\\/\\\/luisa-metzen.com\\\/wp-content\\\/uploads\\\/elementor\\\/thumbs\\\/ueber-mich-1-pk0hvqi69tru1ax1849eb2mwn554h4ezrx37kjhcsw.png\",\"datePublished\":\"2016-12-05T09:17:34+00:00\",\"dateModified\":\"2022-02-13T21:10:58+00:00\",\"description\":\"Ich bin freiberufliche Illustratorin aus M\u00fcnster. Mein Schwerpunkt liegt beim Kinderbuch, ich illustriere aber auch gerne f\u00fcr Erwachsene.\",\"breadcrumb\":{\"@id\":\"https:\\\/\\\/luisa-metzen.com\\\/uber-mich\\\/#breadcrumb\"},\"inLanguage\":\"en-US\",\"potentialAction\":[{\"@type\":\"ReadAction\",\"target\":[\"https:\\\/\\\/luisa-metzen.com\\\/uber-mich\\\/\"]}]},{\"@type\":\"ImageObject\",\"inLanguage\":\"en-US\",\"@id\":\"https:\\\/\\\/luisa-metzen.com\\\/uber-mich\\\/#primaryimage\",\"url\":\"https:\\\/\\\/luisa-metzen.com\\\/wp-content\\\/uploads\\\/elementor\\\/thumbs\\\/ueber-mich-1-pk0hvqi69tru1ax1849eb2mwn554h4ezrx37kjhcsw.png\",\"contentUrl\":\"https:\\\/\\\/luisa-metzen.com\\\/wp-content\\\/uploads\\\/elementor\\\/thumbs\\\/ueber-mich-1-pk0hvqi69tru1ax1849eb2mwn554h4ezrx37kjhcsw.png\"},{\"@type\":\"BreadcrumbList\",\"@id\":\"https:\\\/\\\/luisa-metzen.com\\\/uber-mich\\\/#breadcrumb\",\"itemListElement\":[{\"@type\":\"ListItem\",\"position\":1,\"name\":\"Home\",\"item\":\"https:\\\/\\\/luisa-metzen.com\\\/\"},{\"@type\":\"ListItem\",\"position\":2,\"name\":\"\u00dcber mich\"}]},{\"@type\":\"WebSite\",\"@id\":\"https:\\\/\\\/luisa-metzen.com\\\/#website\",\"url\":\"https:\\\/\\\/luisa-metzen.com\\\/\",\"name\":\"Luisa Metzen Illustration\",\"description\":\"Kinderbuchillustration aus M\u00fcnster\",\"publisher\":{\"@id\":\"https:\\\/\\\/luisa-metzen.com\\\/#\\\/schema\\\/person\\\/8fbfa68fd46f990e8462690509398936\"},\"potentialAction\":[{\"@type\":\"SearchAction\",\"target\":{\"@type\":\"EntryPoint\",\"urlTemplate\":\"https:\\\/\\\/luisa-metzen.com\\\/?s={search_term_string}\"},\"query-input\":{\"@type\":\"PropertyValueSpecification\",\"valueRequired\":true,\"valueName\":\"search_term_string\"}}],\"inLanguage\":\"en-US\"},{\"@type\":[\"Person\",\"Organization\"],\"@id\":\"https:\\\/\\\/luisa-metzen.com\\\/#\\\/schema\\\/person\\\/8fbfa68fd46f990e8462690509398936\",\"name\":\"lume123\",\"image\":{\"@type\":\"ImageObject\",\"inLanguage\":\"en-US\",\"@id\":\"https:\\\/\\\/luisa-metzen.com\\\/wp-content\\\/uploads\\\/2022\\\/02\\\/cropped-Zeichenflache-1.png\",\"url\":\"https:\\\/\\\/luisa-metzen.com\\\/wp-content\\\/uploads\\\/2022\\\/02\\\/cropped-Zeichenflache-1.png\",\"contentUrl\":\"https:\\\/\\\/luisa-metzen.com\\\/wp-content\\\/uploads\\\/2022\\\/02\\\/cropped-Zeichenflache-1.png\",\"width\":512,\"height\":512,\"caption\":\"lume123\"},\"logo\":{\"@id\":\"https:\\\/\\\/luisa-metzen.com\\\/wp-content\\\/uploads\\\/2022\\\/02\\\/cropped-Zeichenflache-1.png\"},\"sameAs\":[\"https:\\\/\\\/luisa-metzen.com\",\"https:\\\/\\\/www.instagram.com\\\/lume.art\\\/\",\"https:\\\/\\\/de.linkedin.com\\\/in\\\/luisa-metzen\"]}]}<\/script>\n<!-- \/ Yoast SEO plugin. -->","yoast_head_json":{"title":"\u00dcber mich - Luisa Metzen Illustration","description":"Ich bin freiberufliche Illustratorin aus M\u00fcnster. Mein Schwerpunkt liegt beim Kinderbuch, ich illustriere aber auch gerne f\u00fcr Erwachsene.","robots":{"index":"index","follow":"follow","max-snippet":"max-snippet:-1","max-image-preview":"max-image-preview:large","max-video-preview":"max-video-preview:-1"},"canonical":"https:\/\/luisa-metzen.com\/en\/uber-mich\/","og_locale":"en_US","og_type":"article","og_title":"\u00dcber mich - Luisa Metzen Illustration","og_description":"Ich bin freiberufliche Illustratorin aus M\u00fcnster. Mein Schwerpunkt liegt beim Kinderbuch, ich illustriere aber auch gerne f\u00fcr Erwachsene.","og_url":"https:\/\/luisa-metzen.com\/en\/uber-mich\/","og_site_name":"Luisa Metzen Illustration","article_modified_time":"2022-02-13T21:10:58+00:00","og_image":[{"url":"https:\/\/luisa-metzen.com\/wp-content\/uploads\/elementor\/thumbs\/ueber-mich-1-pk0hvqi69tru1ax1849eb2mwn554h4ezrx37kjhcsw.png","type":"","width":"","height":""}],"twitter_card":"summary_large_image","twitter_misc":{"Est. reading time":"1 minute"},"schema":{"@context":"https:\/\/schema.org","@graph":[{"@type":"WebPage","@id":"https:\/\/luisa-metzen.com\/uber-mich\/","url":"https:\/\/luisa-metzen.com\/uber-mich\/","name":"\u00dcber mich - Luisa Metzen Illustration","isPartOf":{"@id":"https:\/\/luisa-metzen.com\/#website"},"primaryImageOfPage":{"@id":"https:\/\/luisa-metzen.com\/uber-mich\/#primaryimage"},"image":{"@id":"https:\/\/luisa-metzen.com\/uber-mich\/#primaryimage"},"thumbnailUrl":"https:\/\/luisa-metzen.com\/wp-content\/uploads\/elementor\/thumbs\/ueber-mich-1-pk0hvqi69tru1ax1849eb2mwn554h4ezrx37kjhcsw.png","datePublished":"2016-12-05T09:17:34+00:00","dateModified":"2022-02-13T21:10:58+00:00","description":"Ich bin freiberufliche Illustratorin aus M\u00fcnster. Mein Schwerpunkt liegt beim Kinderbuch, ich illustriere aber auch gerne f\u00fcr Erwachsene.","breadcrumb":{"@id":"https:\/\/luisa-metzen.com\/uber-mich\/#breadcrumb"},"inLanguage":"en-US","potentialAction":[{"@type":"ReadAction","target":["https:\/\/luisa-metzen.com\/uber-mich\/"]}]},{"@type":"ImageObject","inLanguage":"en-US","@id":"https:\/\/luisa-metzen.com\/uber-mich\/#primaryimage","url":"https:\/\/luisa-metzen.com\/wp-content\/uploads\/elementor\/thumbs\/ueber-mich-1-pk0hvqi69tru1ax1849eb2mwn554h4ezrx37kjhcsw.png","contentUrl":"https:\/\/luisa-metzen.com\/wp-content\/uploads\/elementor\/thumbs\/ueber-mich-1-pk0hvqi69tru1ax1849eb2mwn554h4ezrx37kjhcsw.png"},{"@type":"BreadcrumbList","@id":"https:\/\/luisa-metzen.com\/uber-mich\/#breadcrumb","itemListElement":[{"@type":"ListItem","position":1,"name":"Home","item":"https:\/\/luisa-metzen.com\/"},{"@type":"ListItem","position":2,"name":"\u00dcber mich"}]},{"@type":"WebSite","@id":"https:\/\/luisa-metzen.com\/#website","url":"https:\/\/luisa-metzen.com\/","name":"Luisa Metzen Illustration","description":"Kinderbuchillustration aus M\u00fcnster","publisher":{"@id":"https:\/\/luisa-metzen.com\/#\/schema\/person\/8fbfa68fd46f990e8462690509398936"},"potentialAction":[{"@type":"SearchAction","target":{"@type":"EntryPoint","urlTemplate":"https:\/\/luisa-metzen.com\/?s={search_term_string}"},"query-input":{"@type":"PropertyValueSpecification","valueRequired":true,"valueName":"search_term_string"}}],"inLanguage":"en-US"},{"@type":["Person","Organization"],"@id":"https:\/\/luisa-metzen.com\/#\/schema\/person\/8fbfa68fd46f990e8462690509398936","name":"lume123","image":{"@type":"ImageObject","inLanguage":"en-US","@id":"https:\/\/luisa-metzen.com\/wp-content\/uploads\/2022\/02\/cropped-Zeichenflache-1.png","url":"https:\/\/luisa-metzen.com\/wp-content\/uploads\/2022\/02\/cropped-Zeichenflache-1.png","contentUrl":"https:\/\/luisa-metzen.com\/wp-content\/uploads\/2022\/02\/cropped-Zeichenflache-1.png","width":512,"height":512,"caption":"lume123"},"logo":{"@id":"https:\/\/luisa-metzen.com\/wp-content\/uploads\/2022\/02\/cropped-Zeichenflache-1.png"},"sameAs":["https:\/\/luisa-metzen.com","https:\/\/www.instagram.com\/lume.art\/","https:\/\/de.linkedin.com\/in\/luisa-metzen"]}]}},"jetpack_sharing_enabled":true,"_links":{"self":[{"href":"https:\/\/luisa-metzen.com\/en\/wp-json\/wp\/v2\/pages\/6702","targetHints":{"allow":["GET"]}}],"collection":[{"href":"https:\/\/luisa-metzen.com\/en\/wp-json\/wp\/v2\/pages"}],"about":[{"href":"https:\/\/luisa-metzen.com\/en\/wp-json\/wp\/v2\/types\/page"}],"author":[{"embeddable":true,"href":"https:\/\/luisa-metzen.com\/en\/wp-json\/wp\/v2\/users\/1"}],"replies":[{"embeddable":true,"href":"https:\/\/luisa-metzen.com\/en\/wp-json\/wp\/v2\/comments?post=6702"}],"version-history":[{"count":5,"href":"https:\/\/luisa-metzen.com\/en\/wp-json\/wp\/v2\/pages\/6702\/revisions"}],"predecessor-version":[{"id":7011,"href":"https:\/\/luisa-metzen.com\/en\/wp-json\/wp\/v2\/pages\/6702\/revisions\/7011"}],"wp:attachment":[{"href":"https:\/\/luisa-metzen.com\/en\/wp-json\/wp\/v2\/media?parent=6702"}],"curies":[{"name":"wp","href":"https:\/\/api.w.org\/{rel}","templated":true}]}}