{"id":5550,"date":"2016-12-03T15:08:37","date_gmt":"2016-12-03T15:08:37","guid":{"rendered":"https:\/\/luisa-metzen.com\/homepage-inspiro\/"},"modified":"2024-06-22T21:06:58","modified_gmt":"2024-06-22T21:06:58","slug":"luisa-metzen-illustration","status":"publish","type":"page","link":"https:\/\/luisa-metzen.com\/en\/","title":{"rendered":"Homepage"},"content":{"rendered":"<div data-elementor-type=\"wp-page\" data-elementor-id=\"5550\" class=\"elementor elementor-5550\">\n\t\t\t\t\t\t<section class=\"elementor-section elementor-top-section elementor-element elementor-element-92d62c1 elementor-section-full_width elementor-section-height-default elementor-section-height-default\" data-id=\"92d62c1\" data-element_type=\"section\" data-e-type=\"section\">\n\t\t\t\t\t\t<div class=\"elementor-container elementor-column-gap-default\">\n\t\t\t\t\t<div class=\"elementor-column elementor-col-100 elementor-top-column elementor-element elementor-element-5bf11d67\" data-id=\"5bf11d67\" data-element_type=\"column\" data-e-type=\"column\">\n\t\t\t<div class=\"elementor-widget-wrap elementor-element-populated\">\n\t\t\t\t\t\t<div class=\"elementor-element elementor-element-6a645a3d wpzoom-elementor-hidden-phone elementor-widget elementor-widget-wpzoom-elementor-addons-slider-pro\" data-id=\"6a645a3d\" data-element_type=\"widget\" data-e-type=\"widget\" data-widget_type=\"wpzoom-elementor-addons-slider-pro.default\">\n\t\t\t\t<div class=\"elementor-widget-container\">\n\t\t\t\t\t\t\t\t<div id=\"slider\" class=\"flexslider\" data-posts=\"3\">\n\t\t\t\t<ul class=\"slides\">\n\t\t\t\t\t\t\t\t\t\t\t<li  data-smallimg=\"https:\/\/i0.wp.com\/luisa-metzen.com\/wp-content\/uploads\/2023\/10\/prinzessin_ds12-2.jpg?fit=1000%2C652&amp;ssl=1\" data-bigimg=\"https:\/\/i0.wp.com\/luisa-metzen.com\/wp-content\/uploads\/2023\/10\/prinzessin_ds12-2.jpg?fit=3000%2C1957&amp;ssl=1\" data-mediumimg=\"https:\/\/i0.wp.com\/luisa-metzen.com\/wp-content\/uploads\/2023\/10\/prinzessin_ds12-2.jpg?fit=2000%2C1305&amp;ssl=1\"  >\n\n\t\t\t\t\t\t\t<div class=\"slide-background-overlay\"><\/div>\n\n                            \n                            <div class=\"li-wrap wpz-center-slider-wrap wpz--slider-wrap\">\n\n                                \n\t\t\t\t\t\t\t\t\t\t\t\t\t\t\t\t\t\t\t<h1 class=\"elementor-hidden-phone missing-url\">Luisa Metzen Ilustration<\/h1>\t\t\t\t\t\t\t\t\t\n                                \n\t\t\t\t\t\t\t\t\t<div class=\"excerpt\"><\/div>\n\n\t\t\t\t\t\t\t\t                                                                \n                                \n\t\t\t\t\t\t\t<\/div>\n\n\t\t\t\t\t\t\t\t\t\t\t\t\t<\/li>\n\t\t\t\t\t\t\t\t\t\t\t<li  data-smallimg=\"https:\/\/i0.wp.com\/luisa-metzen.com\/wp-content\/uploads\/2023\/10\/DS_2-header.jpg?fit=1000%2C591&amp;ssl=1\" data-bigimg=\"https:\/\/i0.wp.com\/luisa-metzen.com\/wp-content\/uploads\/2023\/10\/DS_2-header.jpg?fit=3000%2C1774&amp;ssl=1\" data-mediumimg=\"https:\/\/i0.wp.com\/luisa-metzen.com\/wp-content\/uploads\/2023\/10\/DS_2-header.jpg?fit=2000%2C1183&amp;ssl=1\"  >\n\n\t\t\t\t\t\t\t<div class=\"slide-background-overlay\"><\/div>\n\n                            \n                            <div class=\"li-wrap wpz-center-slider-wrap wpz--slider-wrap\">\n\n                                \n                                                                            <h3 class=\"elementor-hidden-phone missing-url missing-url\">Luisa Metzen Illustration<\/h3>                                    \n                                \n\t\t\t\t\t\t\t\t\t<div class=\"excerpt\"><\/div>\n\n\t\t\t\t\t\t\t\t                                                                \n                                \n\t\t\t\t\t\t\t<\/div>\n\n\t\t\t\t\t\t\t\t\t\t\t\t\t<\/li>\n\t\t\t\t\t\t\t\t\t\t\t<li  data-smallimg=\"https:\/\/i0.wp.com\/luisa-metzen.com\/wp-content\/uploads\/2024\/10\/piratenschiff_header.webp?fit=1000%2C659&amp;ssl=1\" data-bigimg=\"https:\/\/i0.wp.com\/luisa-metzen.com\/wp-content\/uploads\/2024\/10\/piratenschiff_header.webp?fit=2913%2C1920&amp;ssl=1\" data-mediumimg=\"https:\/\/i0.wp.com\/luisa-metzen.com\/wp-content\/uploads\/2024\/10\/piratenschiff_header.webp?fit=2000%2C1318&amp;ssl=1\"  >\n\n\t\t\t\t\t\t\t<div class=\"slide-background-overlay\"><\/div>\n\n                            \n                            <div class=\"li-wrap wpz-center-slider-wrap wpz--slider-wrap\">\n\n                                \n                                                                            <h3 class=\"elementor-hidden-phone missing-url missing-url missing-url\">Luisa Metzen Illustration<\/h3>                                    \n                                \n\t\t\t\t\t\t\t\t\t<div class=\"excerpt\"><\/div>\n\n\t\t\t\t\t\t\t\t                                                                \n                                \n\t\t\t\t\t\t\t<\/div>\n\n\t\t\t\t\t\t\t\t\t\t\t\t\t<\/li>\n\t\t\t\t\t\n\t\t\t\t<\/ul>\n\t\t\t\t\t\t\t<\/div>\n\t\t\t\t\t\t<\/div>\n\t\t\t\t<\/div>\n\t\t\t\t<div class=\"elementor-element elementor-element-d216e98 elementor-widget elementor-widget-spacer\" data-id=\"d216e98\" data-element_type=\"widget\" data-e-type=\"widget\" data-widget_type=\"spacer.default\">\n\t\t\t\t<div class=\"elementor-widget-container\">\n\t\t\t\t\t\t\t<div class=\"elementor-spacer\">\n\t\t\t<div class=\"elementor-spacer-inner\"><\/div>\n\t\t<\/div>\n\t\t\t\t\t\t<\/div>\n\t\t\t\t<\/div>\n\t\t\t\t\t<\/div>\n\t\t<\/div>\n\t\t\t\t\t<\/div>\n\t\t<\/section>\n\t\t\t\t<section class=\"elementor-section elementor-top-section elementor-element elementor-element-514c401 elementor-section-boxed elementor-section-height-default elementor-section-height-default\" data-id=\"514c401\" data-element_type=\"section\" data-e-type=\"section\">\n\t\t\t\t\t\t<div class=\"elementor-container elementor-column-gap-default\">\n\t\t\t\t\t<div class=\"elementor-column elementor-col-100 elementor-top-column elementor-element elementor-element-1d8b0c3\" data-id=\"1d8b0c3\" data-element_type=\"column\" data-e-type=\"column\">\n\t\t\t<div class=\"elementor-widget-wrap elementor-element-populated\">\n\t\t\t\t\t\t<div class=\"elementor-element elementor-element-88c4029 elementor-hidden-desktop elementor-hidden-tablet elementor-widget elementor-widget-heading\" data-id=\"88c4029\" data-element_type=\"widget\" data-e-type=\"widget\" data-widget_type=\"heading.default\">\n\t\t\t\t<div class=\"elementor-widget-container\">\n\t\t\t\t\t<h3 class=\"elementor-heading-title elementor-size-default\">Luisa Metzen Illustration<\/h3>\t\t\t\t<\/div>\n\t\t\t\t<\/div>\n\t\t\t\t\t<\/div>\n\t\t<\/div>\n\t\t\t\t\t<\/div>\n\t\t<\/section>\n\t\t\t\t<section class=\"elementor-section elementor-top-section elementor-element elementor-element-8618dff elementor-section-boxed elementor-section-height-default elementor-section-height-default\" data-id=\"8618dff\" data-element_type=\"section\" data-e-type=\"section\">\n\t\t\t\t\t\t<div class=\"elementor-container elementor-column-gap-default\">\n\t\t\t\t\t<div class=\"elementor-column elementor-col-100 elementor-top-column elementor-element elementor-element-6f87f71\" data-id=\"6f87f71\" data-element_type=\"column\" data-e-type=\"column\">\n\t\t\t<div class=\"elementor-widget-wrap elementor-element-populated\">\n\t\t\t\t\t\t<div class=\"elementor-element elementor-element-0b9a6a3 elementor-widget elementor-widget-text-editor\" data-id=\"0b9a6a3\" data-element_type=\"widget\" data-e-type=\"widget\" data-widget_type=\"text-editor.default\">\n\t\t\t\t<div class=\"elementor-widget-container\">\n\t\t\t\t\t\t\t\t\t<p>My name is Luisa Metzen. I live and work as freelance illustrator and designer in Muenster. I focus on picture books but also illustrate for adults. Have a look at my <a href=\"https:\/\/luisa-metzen.com\/en\/portfolio\/\"><strong>portfolio<\/strong><\/a> or send me a<strong> <a href=\"mailto:luisa.metzen@gmail.com\">message<\/a><\/strong>!<\/p>\t\t\t\t\t\t\t\t<\/div>\n\t\t\t\t<\/div>\n\t\t\t\t<div class=\"elementor-element elementor-element-5807a0c elementor-widget elementor-widget-spacer\" data-id=\"5807a0c\" data-element_type=\"widget\" data-e-type=\"widget\" data-widget_type=\"spacer.default\">\n\t\t\t\t<div class=\"elementor-widget-container\">\n\t\t\t\t\t\t\t<div class=\"elementor-spacer\">\n\t\t\t<div class=\"elementor-spacer-inner\"><\/div>\n\t\t<\/div>\n\t\t\t\t\t\t<\/div>\n\t\t\t\t<\/div>\n\t\t\t\t<div class=\"elementor-element elementor-element-09546c1 elementor-align-center e-transform elementor-widget elementor-widget-button\" data-id=\"09546c1\" data-element_type=\"widget\" data-e-type=\"widget\" data-settings=\"{&quot;_transform_scale_effect_mobile&quot;:{&quot;unit&quot;:&quot;px&quot;,&quot;size&quot;:0.8,&quot;sizes&quot;:[]},&quot;_transform_scale_effect&quot;:{&quot;unit&quot;:&quot;px&quot;,&quot;size&quot;:&quot;&quot;,&quot;sizes&quot;:[]},&quot;_transform_scale_effect_tablet&quot;:{&quot;unit&quot;:&quot;px&quot;,&quot;size&quot;:&quot;&quot;,&quot;sizes&quot;:[]}}\" data-widget_type=\"button.default\">\n\t\t\t\t<div class=\"elementor-widget-container\">\n\t\t\t\t\t\t\t\t\t<div class=\"elementor-button-wrapper\">\n\t\t\t\t\t<a class=\"elementor-button elementor-button-link elementor-size-lg elementor-animation-grow\" href=\"https:\/\/luisa-metzen.com\/en\/portfolio\/\">\n\t\t\t\t\t\t<span class=\"elementor-button-content-wrapper\">\n\t\t\t\t\t\t\t\t\t<span class=\"elementor-button-text\">my work<\/span>\n\t\t\t\t\t<\/span>\n\t\t\t\t\t<\/a>\n\t\t\t\t<\/div>\n\t\t\t\t\t\t\t\t<\/div>\n\t\t\t\t<\/div>\n\t\t\t\t<div class=\"elementor-element elementor-element-04b001b elementor-widget elementor-widget-spacer\" data-id=\"04b001b\" data-element_type=\"widget\" data-e-type=\"widget\" data-widget_type=\"spacer.default\">\n\t\t\t\t<div class=\"elementor-widget-container\">\n\t\t\t\t\t\t\t<div class=\"elementor-spacer\">\n\t\t\t<div class=\"elementor-spacer-inner\"><\/div>\n\t\t<\/div>\n\t\t\t\t\t\t<\/div>\n\t\t\t\t<\/div>\n\t\t\t\t\t<\/div>\n\t\t<\/div>\n\t\t\t\t\t<\/div>\n\t\t<\/section>\n\t\t\t\t<\/div>","protected":false},"excerpt":{"rendered":"<p>Luisa Metzen Ilustration Luisa Metzen Illustration Luisa Metzen Illustration Luisa Metzen Illustration Mein Name ist Luisa Metzen. Ich lebe und arbeite seit meinem Abschluss an der FH M\u00fcnster als freiberufliche Illustratorin. Mein Schwerpunkt liegt bei Bilderb\u00fcchern, ich illustriere aber auch gerne f\u00fcr Erwachsene. Sehen Sie sich mein Portfolio an oder schicken Sie mir eine Nachricht! Meine Arbeiten<\/p>","protected":false},"author":1,"featured_media":0,"parent":0,"menu_order":0,"comment_status":"closed","ping_status":"closed","template":"page-templates\/full-width-transparent.php","meta":{"footnotes":""},"class_list":["post-5550","page","type-page","status-publish","hentry"],"yoast_head":"<!-- This site is optimized with the Yoast SEO plugin v27.5 - https:\/\/yoast.com\/product\/yoast-seo-wordpress\/ -->\n<title>Luisa Metzen Illustration<\/title>\n<meta name=\"description\" content=\"Ich bin freiberufliche Illustratorin aus M\u00fcnster. Mein Schwerpunkt liegt beim Kinderbuch, ich illustriere aber auch gerne f\u00fcr Erwachsene.\" \/>\n<meta name=\"robots\" content=\"index, follow, max-snippet:-1, max-image-preview:large, max-video-preview:-1\" \/>\n<link rel=\"canonical\" href=\"https:\/\/luisa-metzen.com\/en\/\" \/>\n<meta property=\"og:locale\" content=\"en_US\" \/>\n<meta property=\"og:type\" content=\"article\" \/>\n<meta property=\"og:title\" content=\"Luisa Metzen Illustration\" \/>\n<meta property=\"og:description\" content=\"Ich bin freiberufliche Illustratorin aus M\u00fcnster. Mein Schwerpunkt liegt beim Kinderbuch, ich illustriere aber auch gerne f\u00fcr Erwachsene.\" \/>\n<meta property=\"og:url\" content=\"https:\/\/luisa-metzen.com\/en\/\" \/>\n<meta property=\"og:site_name\" content=\"Luisa Metzen Illustration\" \/>\n<meta property=\"article:modified_time\" content=\"2024-06-22T21:06:58+00:00\" \/>\n<meta name=\"twitter:card\" content=\"summary_large_image\" \/>\n<meta name=\"twitter:label1\" content=\"Est. reading time\" \/>\n\t<meta name=\"twitter:data1\" content=\"1 minute\" \/>\n<script type=\"application\/ld+json\" class=\"yoast-schema-graph\">{\"@context\":\"https:\\\/\\\/schema.org\",\"@graph\":[{\"@type\":\"WebPage\",\"@id\":\"https:\\\/\\\/luisa-metzen.com\\\/\",\"url\":\"https:\\\/\\\/luisa-metzen.com\\\/\",\"name\":\"Luisa Metzen Illustration\",\"isPartOf\":{\"@id\":\"https:\\\/\\\/luisa-metzen.com\\\/#website\"},\"datePublished\":\"2016-12-03T15:08:37+00:00\",\"dateModified\":\"2024-06-22T21:06:58+00:00\",\"description\":\"Ich bin freiberufliche Illustratorin aus M\u00fcnster. Mein Schwerpunkt liegt beim Kinderbuch, ich illustriere aber auch gerne f\u00fcr Erwachsene.\",\"breadcrumb\":{\"@id\":\"https:\\\/\\\/luisa-metzen.com\\\/#breadcrumb\"},\"inLanguage\":\"en-US\",\"potentialAction\":[{\"@type\":\"ReadAction\",\"target\":[\"https:\\\/\\\/luisa-metzen.com\\\/\"]}]},{\"@type\":\"BreadcrumbList\",\"@id\":\"https:\\\/\\\/luisa-metzen.com\\\/#breadcrumb\",\"itemListElement\":[{\"@type\":\"ListItem\",\"position\":1,\"name\":\"Home\",\"item\":\"https:\\\/\\\/luisa-metzen.com\\\/\"},{\"@type\":\"ListItem\",\"position\":2,\"name\":\"Homepage\"}]},{\"@type\":\"WebSite\",\"@id\":\"https:\\\/\\\/luisa-metzen.com\\\/#website\",\"url\":\"https:\\\/\\\/luisa-metzen.com\\\/\",\"name\":\"Luisa Metzen Illustration\",\"description\":\"Kinderbuchillustration aus M\u00fcnster\",\"publisher\":{\"@id\":\"https:\\\/\\\/luisa-metzen.com\\\/#\\\/schema\\\/person\\\/8fbfa68fd46f990e8462690509398936\"},\"potentialAction\":[{\"@type\":\"SearchAction\",\"target\":{\"@type\":\"EntryPoint\",\"urlTemplate\":\"https:\\\/\\\/luisa-metzen.com\\\/?s={search_term_string}\"},\"query-input\":{\"@type\":\"PropertyValueSpecification\",\"valueRequired\":true,\"valueName\":\"search_term_string\"}}],\"inLanguage\":\"en-US\"},{\"@type\":[\"Person\",\"Organization\"],\"@id\":\"https:\\\/\\\/luisa-metzen.com\\\/#\\\/schema\\\/person\\\/8fbfa68fd46f990e8462690509398936\",\"name\":\"lume123\",\"image\":{\"@type\":\"ImageObject\",\"inLanguage\":\"en-US\",\"@id\":\"https:\\\/\\\/luisa-metzen.com\\\/wp-content\\\/uploads\\\/2022\\\/02\\\/cropped-Zeichenflache-1.png\",\"url\":\"https:\\\/\\\/luisa-metzen.com\\\/wp-content\\\/uploads\\\/2022\\\/02\\\/cropped-Zeichenflache-1.png\",\"contentUrl\":\"https:\\\/\\\/luisa-metzen.com\\\/wp-content\\\/uploads\\\/2022\\\/02\\\/cropped-Zeichenflache-1.png\",\"width\":512,\"height\":512,\"caption\":\"lume123\"},\"logo\":{\"@id\":\"https:\\\/\\\/luisa-metzen.com\\\/wp-content\\\/uploads\\\/2022\\\/02\\\/cropped-Zeichenflache-1.png\"},\"sameAs\":[\"https:\\\/\\\/luisa-metzen.com\",\"https:\\\/\\\/www.instagram.com\\\/lume.art\\\/\",\"https:\\\/\\\/de.linkedin.com\\\/in\\\/luisa-metzen\"]}]}<\/script>\n<!-- \/ Yoast SEO plugin. -->","yoast_head_json":{"title":"Luisa Metzen Illustration","description":"Ich bin freiberufliche Illustratorin aus M\u00fcnster. Mein Schwerpunkt liegt beim Kinderbuch, ich illustriere aber auch gerne f\u00fcr Erwachsene.","robots":{"index":"index","follow":"follow","max-snippet":"max-snippet:-1","max-image-preview":"max-image-preview:large","max-video-preview":"max-video-preview:-1"},"canonical":"https:\/\/luisa-metzen.com\/en\/","og_locale":"en_US","og_type":"article","og_title":"Luisa Metzen Illustration","og_description":"Ich bin freiberufliche Illustratorin aus M\u00fcnster. Mein Schwerpunkt liegt beim Kinderbuch, ich illustriere aber auch gerne f\u00fcr Erwachsene.","og_url":"https:\/\/luisa-metzen.com\/en\/","og_site_name":"Luisa Metzen Illustration","article_modified_time":"2024-06-22T21:06:58+00:00","twitter_card":"summary_large_image","twitter_misc":{"Est. reading time":"1 minute"},"schema":{"@context":"https:\/\/schema.org","@graph":[{"@type":"WebPage","@id":"https:\/\/luisa-metzen.com\/","url":"https:\/\/luisa-metzen.com\/","name":"Luisa Metzen Illustration","isPartOf":{"@id":"https:\/\/luisa-metzen.com\/#website"},"datePublished":"2016-12-03T15:08:37+00:00","dateModified":"2024-06-22T21:06:58+00:00","description":"Ich bin freiberufliche Illustratorin aus M\u00fcnster. Mein Schwerpunkt liegt beim Kinderbuch, ich illustriere aber auch gerne f\u00fcr Erwachsene.","breadcrumb":{"@id":"https:\/\/luisa-metzen.com\/#breadcrumb"},"inLanguage":"en-US","potentialAction":[{"@type":"ReadAction","target":["https:\/\/luisa-metzen.com\/"]}]},{"@type":"BreadcrumbList","@id":"https:\/\/luisa-metzen.com\/#breadcrumb","itemListElement":[{"@type":"ListItem","position":1,"name":"Home","item":"https:\/\/luisa-metzen.com\/"},{"@type":"ListItem","position":2,"name":"Homepage"}]},{"@type":"WebSite","@id":"https:\/\/luisa-metzen.com\/#website","url":"https:\/\/luisa-metzen.com\/","name":"Luisa Metzen Illustration","description":"Kinderbuchillustration aus M\u00fcnster","publisher":{"@id":"https:\/\/luisa-metzen.com\/#\/schema\/person\/8fbfa68fd46f990e8462690509398936"},"potentialAction":[{"@type":"SearchAction","target":{"@type":"EntryPoint","urlTemplate":"https:\/\/luisa-metzen.com\/?s={search_term_string}"},"query-input":{"@type":"PropertyValueSpecification","valueRequired":true,"valueName":"search_term_string"}}],"inLanguage":"en-US"},{"@type":["Person","Organization"],"@id":"https:\/\/luisa-metzen.com\/#\/schema\/person\/8fbfa68fd46f990e8462690509398936","name":"lume123","image":{"@type":"ImageObject","inLanguage":"en-US","@id":"https:\/\/luisa-metzen.com\/wp-content\/uploads\/2022\/02\/cropped-Zeichenflache-1.png","url":"https:\/\/luisa-metzen.com\/wp-content\/uploads\/2022\/02\/cropped-Zeichenflache-1.png","contentUrl":"https:\/\/luisa-metzen.com\/wp-content\/uploads\/2022\/02\/cropped-Zeichenflache-1.png","width":512,"height":512,"caption":"lume123"},"logo":{"@id":"https:\/\/luisa-metzen.com\/wp-content\/uploads\/2022\/02\/cropped-Zeichenflache-1.png"},"sameAs":["https:\/\/luisa-metzen.com","https:\/\/www.instagram.com\/lume.art\/","https:\/\/de.linkedin.com\/in\/luisa-metzen"]}]}},"jetpack_sharing_enabled":true,"_links":{"self":[{"href":"https:\/\/luisa-metzen.com\/en\/wp-json\/wp\/v2\/pages\/5550","targetHints":{"allow":["GET"]}}],"collection":[{"href":"https:\/\/luisa-metzen.com\/en\/wp-json\/wp\/v2\/pages"}],"about":[{"href":"https:\/\/luisa-metzen.com\/en\/wp-json\/wp\/v2\/types\/page"}],"author":[{"embeddable":true,"href":"https:\/\/luisa-metzen.com\/en\/wp-json\/wp\/v2\/users\/1"}],"replies":[{"embeddable":true,"href":"https:\/\/luisa-metzen.com\/en\/wp-json\/wp\/v2\/comments?post=5550"}],"version-history":[{"count":5,"href":"https:\/\/luisa-metzen.com\/en\/wp-json\/wp\/v2\/pages\/5550\/revisions"}],"predecessor-version":[{"id":7386,"href":"https:\/\/luisa-metzen.com\/en\/wp-json\/wp\/v2\/pages\/5550\/revisions\/7386"}],"wp:attachment":[{"href":"https:\/\/luisa-metzen.com\/en\/wp-json\/wp\/v2\/media?parent=5550"}],"curies":[{"name":"wp","href":"https:\/\/api.w.org\/{rel}","templated":true}]}}